{"id":733,"date":"2019-06-24T17:54:46","date_gmt":"2019-06-24T15:54:46","guid":{"rendered":"http:\/\/proseal.cl\/contacto\/"},"modified":"2019-07-04T22:27:58","modified_gmt":"2019-07-04T20:27:58","slug":"contact","status":"publish","type":"page","link":"https:\/\/proseal.cl\/en\/contact\/","title":{"rendered":"Contact"},"content":{"rendered":"<div class=\"wpb-content-wrapper\"><p>[vc_row][vc_column][vc_empty_space height=&#8221;42px&#8221;][\/vc_column][\/vc_row][vc_section][vc_row full_width=&#8221;stretch_row_content&#8221; el_class=&#8221;mapa&#8221;][vc_column][vc_gmaps link=&#8221;#E-8_JTNDaWZyYW1lJTIwc3JjJTNEJTIyaHR0cHMlM0ElMkYlMkZ3d3cuZ29vZ2xlLmNvbSUyRm1hcHMlMkZlbWJlZCUzRnBiJTNEJTIxMW0xOCUyMTFtMTIlMjExbTMlMjExZDMzNDMuMzU1ODkwNjc5MzM0NiUyMTJkLTcxLjQwMzg4ODk4NDg2ODM5JTIxM2QtMzMuMDczNDIwNDg1NjQ2OTQlMjEybTMlMjExZjAlMjEyZjAlMjEzZjAlMjEzbTIlMjExaTEwMjQlMjEyaTc2OCUyMTRmMTMuMSUyMTNtMyUyMTFtMiUyMTFzMHg5Njg5ZDgxM2MwODQ0ZDZkJTI1M0EweGQwZmUyOWE2N2ViYzVmYWIlMjEyc1Byb3NlYWwlMjE1ZTAlMjEzbTIlMjExc2VzJTIxMnNjbCUyMTR2MTU2MTY5NTY2MDE2OCUyMTVtMiUyMTFzZXMlMjEyc2NsJTIyJTIwd2lkdGglM0QlMjI2MDAlMjIlMjBoZWlnaHQlM0QlMjI0NTAlMjIlMjBmcmFtZWJvcmRlciUzRCUyMjAlMjIlMjBzdHlsZSUzRCUyMmJvcmRlciUzQTAlMjIlMjBhbGxvd2Z1bGxzY3JlZW4lM0UlM0MlMkZpZnJhbWUlM0U=&#8221;][\/vc_column][\/vc_row][vc_row el_class=&#8221;form-back&#8221; css=&#8221;.vc_custom_1561696012886{background-image: url(http:\/\/proseal.cl\/wp-content\/uploads\/2019\/06\/fondo-mapa.png?id=434) !important;background-position: center !important;background-repeat: no-repeat !important;background-size: cover !important;}&#8221;][vc_column width=&#8221;1\/2&#8243;][vc_custom_heading text=&#8221;CONT\u00c1CTANOS&#8221; font_container=&#8221;tag:h2|font_size:24px|text_align:left|color:%23ffffff&#8221; google_fonts=&#8221;font_family:Montserrat%3Aregular%2C700|font_style:700%20bold%20regular%3A700%3Anormal&#8221;][vc_column_text]<span style=\"color: #ffffff;\">Lorem ipsum dolor sit amet, consectetur adipiscing elSednismetustristique nec dolor non ornare sagittis dolor.<\/span>[\/vc_column_text][vc_column_text el_class=&#8221;proseal-SA-casa-matriz&#8221;]<strong>CASA MATRIZ:<\/strong><br \/>\nV Regi\u00f3n, Calle Tres #665,El Belloto,<br \/>\nQuilpu\u00e9<\/p>\n<p><strong>EMAILS:<\/strong><br \/>\n<span style=\"color: #9e9e9e;\"><a style=\"color: #9e9e9e;\" href=\"mailto:contacto@proseal.cl\">contacto@proseal.cl<\/a><\/span><br \/>\n<span style=\"color: #9e9e9e;\"><a style=\"color: #9e9e9e;\" href=\"mailto:proyectos@proseal.cl\">proyectos@proseal.cl<\/a><\/span><\/p>\n<p><strong>TEL\u00c9FONO:<\/strong><br \/>\n<span style=\"color: #9e9e9e;\"><a style=\"color: #9e9e9e;\" href=\"tel:+56322948402\">(+56 32) 294 8402<\/a><\/span><br \/>\n<span style=\"color: #9e9e9e;\"><a style=\"color: #9e9e9e;\" href=\"tel:+569322981755\">(+56 32) 298 1755<\/a><\/span>[\/vc_column_text][\/vc_column][vc_column width=&#8221;1\/2&#8243;][vc_custom_heading text=&#8221;ENV\u00cdANOS UN MENSAJE&#8221; font_container=&#8221;tag:h2|font_size:24px|text_align:left|color:%23ffffff&#8221; google_fonts=&#8221;font_family:Montserrat%3Aregular%2C700|font_style:700%20bold%20regular%3A700%3Anormal&#8221;]<div role=\"form\" class=\"wpcf7\" id=\"wpcf7-f422-o1\" lang=\"es-ES\" dir=\"ltr\">\n<div class=\"screen-reader-response\"><p role=\"status\" aria-live=\"polite\" aria-atomic=\"true\"><\/p> <ul><\/ul><\/div>\n<form action=\"\/en\/wp-json\/wp\/v2\/pages\/733#wpcf7-f422-o1\" method=\"post\" class=\"wpcf7-form init\" novalidate=\"novalidate\" data-status=\"init\">\n<div style=\"display: none;\">\n<input type=\"hidden\" name=\"_wpcf7\" value=\"422\" \/>\n<input type=\"hidden\" name=\"_wpcf7_version\" value=\"5.4.1\" \/>\n<input type=\"hidden\" name=\"_wpcf7_locale\" value=\"es_ES\" \/>\n<input type=\"hidden\" name=\"_wpcf7_unit_tag\" value=\"wpcf7-f422-o1\" \/>\n<input type=\"hidden\" name=\"_wpcf7_container_post\" value=\"0\" \/>\n<input type=\"hidden\" name=\"_wpcf7_posted_data_hash\" value=\"\" \/>\n<input type=\"hidden\" name=\"_wpcf7_recaptcha_response\" value=\"\" \/>\n<\/div>\n<div id=\"responsive-form\" class=\"clearfix\">\n<div class=\"form-row\">\n<div class=\"column-half\">NOMBRE<br> <span class=\"wpcf7-form-control-wrap first-name\"><input type=\"text\" name=\"first-name\" value=\"\" size=\"40\" class=\"wpcf7-form-control wpcf7-text wpcf7-validates-as-required\" aria-required=\"true\" aria-invalid=\"false\" \/><\/span><\/div>\n<div class=\"column-half\"> CORREO <br> <span class=\"wpcf7-form-control-wrap your-email\"><input type=\"email\" name=\"your-email\" value=\"\" size=\"40\" class=\"wpcf7-form-control wpcf7-text wpcf7-email wpcf7-validates-as-required wpcf7-validates-as-email\" aria-required=\"true\" aria-invalid=\"false\" \/><\/span><\/div>\n<\/div>\n<div class=\"form-row\">\n<div class=\"column-half\">TEL\u00c9FONO <span class=\"wpcf7-form-control-wrap your-phone\"><input type=\"text\" name=\"your-phone\" value=\"\" size=\"40\" class=\"wpcf7-form-control wpcf7-text wpcf7-validates-as-required\" aria-required=\"true\" aria-invalid=\"false\" \/><\/span><\/div>\n<div class=\"column-half\">EMPRESA <span class=\"wpcf7-form-control-wrap your-subject\"><input type=\"text\" name=\"your-subject\" value=\"\" size=\"40\" class=\"wpcf7-form-control wpcf7-text wpcf7-validates-as-required\" aria-required=\"true\" aria-invalid=\"false\" \/><\/span><\/div>\n<\/div>\n<div class=\"form-row\">\n<div class=\"column-full\">MENSAJE  <span class=\"wpcf7-form-control-wrap your-message\"><textarea name=\"your-message\" cols=\"40\" rows=\"10\" class=\"wpcf7-form-control wpcf7-textarea\" aria-invalid=\"false\"><\/textarea><\/span><\/div>\n<\/div>\n<div>\n\n<\/div>\n<p><br><\/p>\n<div class=\"form-row\">\n<div class=\"column-full\"><input type=\"submit\" value=\"ENVIAR MENSAJE\" class=\"wpcf7-form-control wpcf7-submit\" \/><\/div>\n<\/div>\n<\/div>\n<p><!--end responsive-form--><\/p>\n<div class=\"wpcf7-response-output\" aria-hidden=\"true\"><\/div><\/form><\/div>[\/vc_column][\/vc_row][\/vc_section][vc_row][vc_column][vc_empty_space height=&#8221;42px&#8221;][\/vc_column][\/vc_row]<\/p>\n<\/div>","protected":false},"excerpt":{"rendered":"<p>[vc_row][vc_column][vc_empty_space height=&#8221;42px&#8221;][\/vc_column][\/vc_row][vc_section][vc_row full_width=&#8221;stretch_row_content&#8221; el_class=&#8221;mapa&#8221;][vc_column][vc_gmaps link=&#8221;#E-8_JTNDaWZyYW1lJTIwc3JjJTNEJTIyaHR0cHMlM0ElMkYlMkZ3d3cuZ29vZ2xlLmNvbSUyRm1hcHMlMkZlbWJlZCUzRnBiJTNEJTIxMW0xOCUyMTFtMTIlMjExbTMlMjExZDMzNDMuMzU1ODkwNjc5MzM0NiUyMTJkLTcxLjQwMzg4ODk4NDg2ODM5JTIxM2QtMzMuMDczNDIwNDg1NjQ2OTQlMjEybTMlMjExZjAlMjEyZjAlMjEzZjAlMjEzbTIlMjExaTEwMjQlMjEyaTc2OCUyMTRmMTMuMSUyMTNtMyUyMTFtMiUyMTFzMHg5Njg5ZDgxM2MwODQ0ZDZkJTI1M0EweGQwZmUyOWE2N2ViYzVmYWIlMjEyc1Byb3NlYWwlMjE1ZTAlMjEzbTIlMjExc2VzJTIxMnNjbCUyMTR2MTU2MTY5NTY2MDE2OCUyMTVtMiUyMTFzZXMlMjEyc2NsJTIyJTIwd2lkdGglM0QlMjI2MDAlMjIlMjBoZWlnaHQlM0QlMjI0NTAlMjIlMjBmcmFtZWJvcmRlciUzRCUyMjAlMjIlMjBzdHlsZSUzRCUyMmJvcmRlciUzQTAlMjIlMjBhbGxvd2Z1bGxzY3JlZW4lM0UlM0MlMkZpZnJhbWUlM0U=&#8221;][\/vc_column][\/vc_row][vc_row el_class=&#8221;form-back&#8221; css=&#8221;.vc_custom_1561696012886{background-image: url(http:\/\/proseal.cl\/wp-content\/uploads\/2019\/06\/fondo-mapa.png?id=434) !important;background-position: center !important;background-repeat: no-repeat !important;background-size: cover !important;}&#8221;][vc_column width=&#8221;1\/2&#8243;][vc_custom_heading text=&#8221;CONT\u00c1CTANOS&#8221; font_container=&#8221;tag:h2|font_size:24px|text_align:left|color:%23ffffff&#8221; google_fonts=&#8221;font_family:Montserrat%3Aregular%2C700|font_style:700%20bold%20regular%3A700%3Anormal&#8221;][vc_column_text]Lorem ipsum dolor sit amet, consectetur adipiscing elSednismetustristique nec dolor non ornare sagittis dolor.[\/vc_column_text][vc_column_text el_class=&#8221;proseal-SA-casa-matriz&#8221;]CASA MATRIZ: V Regi\u00f3n, Calle Tres #665,El Belloto, Quilpu\u00e9 EMAILS: contacto@proseal.cl proyectos@proseal.cl TEL\u00c9FONO: (+56 32) 294 8402 (+56 32) 298 1755[\/vc_column_text][\/vc_column][vc_column width=&#8221;1\/2&#8243;][vc_custom_heading text=&#8221;ENV\u00cdANOS [&hellip;]<\/p>\n","protected":false},"author":1,"featured_media":0,"parent":0,"menu_order":0,"comment_status":"closed","ping_status":"closed","template":"fullwidth-home.php","meta":{"footnotes":""},"class_list":["post-733","page","type-page","status-publish","hentry"],"_links":{"self":[{"href":"https:\/\/proseal.cl\/en\/wp-json\/wp\/v2\/pages\/733"}],"collection":[{"href":"https:\/\/proseal.cl\/en\/wp-json\/wp\/v2\/pages"}],"about":[{"href":"https:\/\/proseal.cl\/en\/wp-json\/wp\/v2\/types\/page"}],"author":[{"embeddable":true,"href":"https:\/\/proseal.cl\/en\/wp-json\/wp\/v2\/users\/1"}],"replies":[{"embeddable":true,"href":"https:\/\/proseal.cl\/en\/wp-json\/wp\/v2\/comments?post=733"}],"version-history":[{"count":1,"href":"https:\/\/proseal.cl\/en\/wp-json\/wp\/v2\/pages\/733\/revisions"}],"predecessor-version":[{"id":736,"href":"https:\/\/proseal.cl\/en\/wp-json\/wp\/v2\/pages\/733\/revisions\/736"}],"wp:attachment":[{"href":"https:\/\/proseal.cl\/en\/wp-json\/wp\/v2\/media?parent=733"}],"curies":[{"name":"wp","href":"https:\/\/api.w.org\/{rel}","templated":true}]}}