{"id":737,"date":"2019-06-24T17:45:46","date_gmt":"2019-06-24T15:45:46","guid":{"rendered":"http:\/\/proseal.cl\/empresa\/"},"modified":"2019-07-04T22:30:34","modified_gmt":"2019-07-04T20:30:34","slug":"company","status":"publish","type":"page","link":"https:\/\/proseal.cl\/en\/company\/","title":{"rendered":"Company"},"content":{"rendered":"<div class=\"wpb-content-wrapper\"><p>[vc_row full_width=&#8221;stretch_row_content_no_spaces&#8221;][vc_column][vc_empty_space height=&#8221;40px&#8221;][\/vc_column][\/vc_row][vc_row][vc_column width=&#8221;1\/2&#8243;][vc_custom_heading text=&#8221;PROSEAL&#8221; font_container=&#8221;tag:h2|font_size:24px|text_align:left|color:%23000000&#8243; google_fonts=&#8221;font_family:Montserrat%3Aregular%2C700|font_style:700%20bold%20regular%3A700%3Anormal&#8221; css=&#8221;.vc_custom_1561474141785{margin-top: 0px !important;}&#8221;][vc_column_text el_class=&#8221;linea-titulo-amarilla&#8221;][\/vc_column_text][vc_column_text]<\/p>\n<p style=\"text-align: justify;\">En Proseal Somos especialistas en soluciones de Fabricaci\u00f3n, Reconstrucci\u00f3n y Ensamble de \u00a0Equipos de Bombeo.<br \/>\nOperamos en diferentes industrias, tales como:\u00a0Miner\u00eda, energ\u00eda, petroqu\u00edmica, celulosa, sanitarias, entre otras.<\/p>\n<p style=\"text-align: justify;\">Con el fin de otorgar un mejor servicio, operamos a lo largo de todo Chile, con expansi\u00f3n en Latinoam\u00e9rica.<\/p>\n<p style=\"text-align: justify;\">Nuestra fortaleza se basan en contar con una amplia experiencia y trayectoria en la industria, calidad de servicio y una fuerte orientaci\u00f3n al cliente, desarrollando relaciones cercanas y sustentables que validan nuestra promesa de marca con altos est\u00e1ndares en nuestros procesos, seguridad, respetando el medio ambiente y desarrollando buenas.<\/p>\n<p>[\/vc_column_text][\/vc_column][vc_column width=&#8221;1\/2&#8243;][vc_single_image image=&#8221;531&#8243; img_size=&#8221;full&#8221;][\/vc_column][\/vc_row][vc_row][vc_column][vc_empty_space height=&#8221;42px&#8221;][\/vc_column][\/vc_row][vc_row full_width=&#8221;stretch_row&#8221; css=&#8221;.vc_custom_1561491256599{background-color: #f5f5f5 !important;background-position: center !important;background-repeat: no-repeat !important;background-size: cover !important;}&#8221;][vc_column offset=&#8221;vc_hidden-xs&#8221;][vc_empty_space height=&#8221;24px&#8221;][vc_custom_heading text=&#8221;SOCIOS ESTRAT\u00c9GICOS&#8221; font_container=&#8221;tag:h2|font_size:30px|text_align:center|color:%23000000&#8243; google_fonts=&#8221;font_family:Montserrat%3Aregular%2C700|font_style:700%20bold%20regular%3A700%3Anormal&#8221;][vc_column_text el_class=&#8221;linea-centro-amarilla&#8221;][\/vc_column_text][vc_empty_space][vc_row_inner el_class=&#8221;img_socios_estrategicos&#8221;][vc_column_inner width=&#8221;1\/3&#8243;][vc_single_image image=&#8221;163&#8243; img_size=&#8221;305&#215;55&#8243; alignment=&#8221;center&#8221;][\/vc_column_inner][vc_column_inner width=&#8221;1\/3&#8243;][vc_single_image image=&#8221;165&#8243; img_size=&#8221;305&#215;55&#8243; alignment=&#8221;center&#8221;][\/vc_column_inner][vc_column_inner width=&#8221;1\/3&#8243;][vc_single_image image=&#8221;167&#8243; img_size=&#8221;305&#215;55&#8243; alignment=&#8221;center&#8221;][\/vc_column_inner][\/vc_row_inner][vc_empty_space height=&#8221;45px&#8221;][\/vc_column][\/vc_row][vc_row full_width=&#8221;stretch_row&#8221; css=&#8221;.vc_custom_1561491240620{background-color: #f5f5f5 !important;background-position: center !important;background-repeat: no-repeat !important;background-size: cover !important;}&#8221;][vc_column offset=&#8221;vc_hidden-lg vc_hidden-md vc_hidden-sm&#8221;][vc_empty_space height=&#8221;24px&#8221;][vc_custom_heading text=&#8221;SOCIOS ESTRAT\u00c9GICOS&#8221; font_container=&#8221;tag:h2|font_size:30px|text_align:center|color:%23000000&#8243; google_fonts=&#8221;font_family:Montserrat%3Aregular%2C700|font_style:700%20bold%20regular%3A700%3Anormal&#8221;][vc_column_text el_class=&#8221;linea-centro-amarilla&#8221;][\/vc_column_text][vc_empty_space]<div style=\"visibility: hidden;\" id=\"carousel-anything-1\" class=\"gambit-carousel-anything carousel-anything-container owl-ca-carousel ca-equal-height\" data-items=\"1\"  data-totalitems=\"3\" data-scroll_per_page=\"\" data-autoplay=\"5000\" data-items-tablet=\"1\" data-items-mobile=\"1\" data-stop-on-hover=\"\" data-speed-scroll=\"800\" data-speed-rewind=\"1000\" data-thumbnails=\"thumbnail\" data-transition=\"false\" data-thumbnail-numbers=\"\" data-navigation=\"false\" data-touchdrag=\"false\" data-keyboard=\"false\" data-alignment=\"50\" data-start=\"0\">[vc_row_inner][vc_column_inner][vc_single_image image=&#8221;163&#8243; img_size=&#8221;305&#215;55&#8243; alignment=&#8221;center&#8221;][\/vc_column_inner][\/vc_row_inner][vc_row_inner][vc_column_inner][vc_single_image image=&#8221;165&#8243; img_size=&#8221;305&#215;55&#8243; alignment=&#8221;center&#8221;][\/vc_column_inner][\/vc_row_inner][vc_row_inner][vc_column_inner][vc_single_image image=&#8221;167&#8243; img_size=&#8221;305&#215;55&#8243; alignment=&#8221;center&#8221;][\/vc_column_inner][\/vc_row_inner]<\/div>[vc_empty_space][\/vc_column][\/vc_row][vc_row][vc_column offset=&#8221;vc_hidden-xs&#8221;][vc_empty_space height=&#8221;25px&#8221;][vc_custom_heading text=&#8221;NUESTRO EQUIPO&#8221; font_container=&#8221;tag:h2|font_size:30px|text_align:center|color:%23000000&#8243; google_fonts=&#8221;font_family:Montserrat%3Aregular%2C700|font_style:700%20bold%20regular%3A700%3Anormal&#8221;][vc_column_text el_class=&#8221;linea-centro-amarilla&#8221;][\/vc_column_text][vc_empty_space][\/vc_column][\/vc_row][vc_row][vc_column width=&#8221;1\/4&#8243;][vc_row_inner][vc_column_inner][vc_single_image image=&#8221;204&#8243; img_size=&#8221;355&#215;400&#8243; alignment=&#8221;center&#8221;][\/vc_column_inner][\/vc_row_inner][vc_row_inner][vc_column_inner css=&#8221;.vc_custom_1561497422078{background-position: center !important;background-repeat: no-repeat !important;background-size: cover !important;}&#8221;][vc_column_text el_class=&#8221;linea-bloque-equipo&#8221;]<\/p>\n<h3>Manuel Patricio Alfaro Bustamante<\/h3>\n<p>Gerente General<\/p>\n<hr \/>\n<p>[\/vc_column_text][\/vc_column_inner][\/vc_row_inner][\/vc_column][vc_column width=&#8221;1\/4&#8243;][vc_row_inner][vc_column_inner][vc_single_image image=&#8221;204&#8243; img_size=&#8221;355&#215;400&#8243; alignment=&#8221;center&#8221;][\/vc_column_inner][\/vc_row_inner][vc_row_inner][vc_column_inner css=&#8221;.vc_custom_1561497432246{background-position: center !important;background-repeat: no-repeat !important;background-size: cover !important;}&#8221;][vc_column_text el_class=&#8221;linea-bloque-equipo&#8221;]<\/p>\n<h3>Alexis Antonio Herrera Kasic<\/h3>\n<p>Gerente Comercial<\/p>\n<hr \/>\n<p>[\/vc_column_text][\/vc_column_inner][\/vc_row_inner][\/vc_column][vc_column width=&#8221;1\/4&#8243;][vc_row_inner][vc_column_inner][vc_single_image image=&#8221;204&#8243; img_size=&#8221;355&#215;400&#8243; alignment=&#8221;center&#8221;][\/vc_column_inner][\/vc_row_inner][vc_row_inner][vc_column_inner css=&#8221;.vc_custom_1561497448959{background-position: center !important;background-repeat: no-repeat !important;background-size: cover !important;}&#8221;][vc_column_text el_class=&#8221;linea-bloque-equipo&#8221;]<\/p>\n<h3>Edison Fernando Pizarro Navarro<\/h3>\n<p>Gerente de Operaciones<\/p>\n<hr \/>\n<p>[\/vc_column_text][\/vc_column_inner][\/vc_row_inner][\/vc_column][vc_column width=&#8221;1\/4&#8243;][vc_row_inner][vc_column_inner][vc_single_image image=&#8221;204&#8243; img_size=&#8221;355&#215;400&#8243; alignment=&#8221;center&#8221;][\/vc_column_inner][\/vc_row_inner][vc_row_inner][vc_column_inner css=&#8221;.vc_custom_1561497477117{background-position: center !important;background-repeat: no-repeat !important;background-size: cover !important;}&#8221;][vc_column_text el_class=&#8221;linea-bloque-equipo&#8221;]<\/p>\n<h3>Sebasti\u00e1n Andr\u00e9s Canales Balgont\u00edn<\/h3>\n<p>Gerente de Administraci\u00f3n y Finanzas<\/p>\n<hr \/>\n<p>[\/vc_column_text][\/vc_column_inner][\/vc_row_inner][\/vc_column][\/vc_row][vc_row][vc_column][vc_empty_space height=&#8221;42px&#8221;][\/vc_column][\/vc_row][vc_row full_width=&#8221;stretch_row&#8221; equal_height=&#8221;yes&#8221; css=&#8221;.vc_custom_1561481670588{background-color: #fabe28 !important;background-position: center !important;background-repeat: no-repeat !important;background-size: cover !important;}&#8221;][vc_column width=&#8221;3\/4&#8243; offset=&#8221;vc_hidden-xs&#8221;][vc_empty_space height=&#8221;25px&#8221;][vc_custom_heading text=&#8221;<b>CONOCE M\u00c1S DE NOSOTROS<\/b><br \/>\nEn Proseal Somos especialistas en soluciones de Fabricaci\u00f3n, Reconstrucci\u00f3n&#8221; font_container=&#8221;tag:p|font_size:19px|text_align:left&#8221; google_fonts=&#8221;font_family:Montserrat%3Aregular%2C700|font_style:400%20regular%3A400%3Anormal&#8221; el_class=&#8221;encabezado_bajada_ff&#8221;][vc_empty_space][\/vc_column][vc_column width=&#8221;1\/4&#8243; offset=&#8221;vc_hidden-xs&#8221;][vc_empty_space height=&#8221;28px&#8221;][vc_btn title=&#8221;CONTACTAR&#8221; style=&#8221;outline-custom&#8221; outline_custom_color=&#8221;#ffffff&#8221; outline_custom_hover_background=&#8221;#2b2b2b&#8221; outline_custom_hover_text=&#8221;#ffffff&#8221; link=&#8221;url:http%3A%2F%2Fproseal.cl%2Fcontacto%2F|title:Contacto||&#8221; el_class=&#8221;btn_bajada_amarillo&#8221;][\/vc_column][\/vc_row][vc_row full_width=&#8221;stretch_row&#8221; equal_height=&#8221;yes&#8221; css=&#8221;.vc_custom_1561481670588{background-color: #fabe28 !important;background-position: center !important;background-repeat: no-repeat !important;background-size: cover !important;}&#8221;][vc_column offset=&#8221;vc_hidden-lg vc_hidden-md vc_hidden-sm&#8221;][vc_custom_heading text=&#8221;<b>CONOCE M\u00c1S DE NOSOTROS<\/b><br \/>\nEn Proseal Somos especialistas en soluciones de Fabricaci\u00f3n, Reconstrucci\u00f3n&#8221; font_container=&#8221;tag:p|font_size:19px|text_align:left&#8221; google_fonts=&#8221;font_family:Montserrat%3Aregular%2C700|font_style:400%20regular%3A400%3Anormal&#8221; el_class=&#8221;encabezado_bajada_ff&#8221;][vc_btn title=&#8221;CONTACTAR&#8221; style=&#8221;outline-custom&#8221; outline_custom_color=&#8221;#ffffff&#8221; outline_custom_hover_background=&#8221;#2b2b2b&#8221; outline_custom_hover_text=&#8221;#ffffff&#8221; link=&#8221;url:http%3A%2F%2Fproseal.cl%2Fcontacto%2F|title:Contacto||&#8221; el_class=&#8221;btn_bajada_amarillo&#8221;][vc_empty_space][\/vc_column][\/vc_row]<\/p>\n<\/div>","protected":false},"excerpt":{"rendered":"<p>[vc_row full_width=&#8221;stretch_row_content_no_spaces&#8221;][vc_column][vc_empty_space height=&#8221;40px&#8221;][\/vc_column][\/vc_row][vc_row][vc_column width=&#8221;1\/2&#8243;][vc_custom_heading text=&#8221;PROSEAL&#8221; font_container=&#8221;tag:h2|font_size:24px|text_align:left|color:%23000000&#8243; google_fonts=&#8221;font_family:Montserrat%3Aregular%2C700|font_style:700%20bold%20regular%3A700%3Anormal&#8221; css=&#8221;.vc_custom_1561474141785{margin-top: 0px !important;}&#8221;][vc_column_text el_class=&#8221;linea-titulo-amarilla&#8221;][\/vc_column_text][vc_column_text] En Proseal Somos especialistas en soluciones de Fabricaci\u00f3n, Reconstrucci\u00f3n y Ensamble de \u00a0Equipos de Bombeo. Operamos en diferentes industrias, tales como:\u00a0Miner\u00eda, energ\u00eda, petroqu\u00edmica, celulosa, sanitarias, entre otras. Con el fin de otorgar un mejor servicio, operamos a lo largo de todo Chile, con expansi\u00f3n [&hellip;]<\/p>\n","protected":false},"author":1,"featured_media":0,"parent":0,"menu_order":0,"comment_status":"closed","ping_status":"closed","template":"fullwidth.php","meta":{"footnotes":""},"class_list":["post-737","page","type-page","status-publish","hentry"],"_links":{"self":[{"href":"https:\/\/proseal.cl\/en\/wp-json\/wp\/v2\/pages\/737"}],"collection":[{"href":"https:\/\/proseal.cl\/en\/wp-json\/wp\/v2\/pages"}],"about":[{"href":"https:\/\/proseal.cl\/en\/wp-json\/wp\/v2\/types\/page"}],"author":[{"embeddable":true,"href":"https:\/\/proseal.cl\/en\/wp-json\/wp\/v2\/users\/1"}],"replies":[{"embeddable":true,"href":"https:\/\/proseal.cl\/en\/wp-json\/wp\/v2\/comments?post=737"}],"version-history":[{"count":1,"href":"https:\/\/proseal.cl\/en\/wp-json\/wp\/v2\/pages\/737\/revisions"}],"predecessor-version":[{"id":740,"href":"https:\/\/proseal.cl\/en\/wp-json\/wp\/v2\/pages\/737\/revisions\/740"}],"wp:attachment":[{"href":"https:\/\/proseal.cl\/en\/wp-json\/wp\/v2\/media?parent=737"}],"curies":[{"name":"wp","href":"https:\/\/api.w.org\/{rel}","templated":true}]}}